{"id":3674,"date":"2024-07-11T11:54:52","date_gmt":"2024-07-11T11:54:52","guid":{"rendered":"https:\/\/loboslink.pl\/av\/?page_id=3674"},"modified":"2025-10-03T13:40:24","modified_gmt":"2025-10-03T11:40:24","slug":"instrukcja-wetransfer-com","status":"publish","type":"page","link":"https:\/\/loboslink.pl\/av\/instrukcja-wetransfer-com\/","title":{"rendered":"Instrukcja wetransfer.com"},"content":{"rendered":"<style>.kb-row-layout-id3674_19ed0e-53 > .kt-row-column-wrap{align-content:center;}:where(.kb-row-layout-id3674_19ed0e-53 > .kt-row-column-wrap) > .wp-block-kadence-column{justify-content:center;}.kb-row-layout-id3674_19ed0e-53 > .kt-row-column-wrap{column-gap:var(--global-kb-gap-md, 2rem);row-gap:var(--global-kb-gap-md, 2rem);padding-top:var(--global-kb-spacing-sm, 1.5rem);padding-bottom:var(--global-kb-spacing-sm, 1.5rem);min-height:400px;grid-template-columns:minmax(0, 1fr);}.kb-row-layout-id3674_19ed0e-53 > .kt-row-layout-overlay{opacity:1;background:linear-gradient(180deg,rgba(51,51,51,0.5) 14%,var(--global-palette6,#718096) 96%);mix-blend-mode:normal;}@media all and (max-width: 1024px){.kb-row-layout-id3674_19ed0e-53 > .kt-row-column-wrap{grid-template-columns:minmax(0, 1fr);}}@media all and (max-width: 767px){.kb-row-layout-id3674_19ed0e-53 > .kt-row-column-wrap{grid-template-columns:minmax(0, 1fr);}}<\/style><div class=\"kb-row-layout-wrap kb-row-layout-id3674_19ed0e-53 alignnone kt-row-has-bg wp-block-kadence-rowlayout\"><div class=\"kt-row-layout-overlay kt-row-overlay-gradient\"><\/div><div class=\"kt-row-column-wrap kt-has-1-columns kt-row-layout-equal kt-tab-layout-inherit kt-mobile-layout-row kt-row-valign-middle\">\n<style>.kadence-column3674_4a77b3-ae > .kt-inside-inner-col{display:flex;}.kadence-column3674_4a77b3-ae > .kt-inside-inner-col,.kadence-column3674_4a77b3-ae > .kt-inside-inner-col:before{border-top-left-radius:0px;border-top-right-radius:0px;border-bottom-right-radius:0px;border-bottom-left-radius:0px;}.kadence-column3674_4a77b3-ae > .kt-inside-inner-col{column-gap:var(--global-kb-gap-sm, 1rem);}.kadence-column3674_4a77b3-ae > .kt-inside-inner-col{flex-direction:column;justify-content:center;}.kadence-column3674_4a77b3-ae > .kt-inside-inner-col > .aligncenter{width:100%;}.kt-row-column-wrap > .kadence-column3674_4a77b3-ae{align-self:center;}.kt-inner-column-height-full:not(.kt-has-1-columns) > .wp-block-kadence-column.kadence-column3674_4a77b3-ae{align-self:auto;}.kt-inner-column-height-full:not(.kt-has-1-columns) > .wp-block-kadence-column.kadence-column3674_4a77b3-ae > .kt-inside-inner-col{flex-direction:column;justify-content:center;}.kadence-column3674_4a77b3-ae > .kt-inside-inner-col:before{opacity:0.3;}.kadence-column3674_4a77b3-ae{position:relative;}.kadence-column3674_4a77b3-ae, .kt-inside-inner-col > .kadence-column3674_4a77b3-ae:not(.specificity){margin-top:80px;}@media all and (max-width: 1024px){.kt-row-column-wrap > .kadence-column3674_4a77b3-ae{align-self:center;}}@media all and (max-width: 1024px){.kt-inner-column-height-full:not(.kt-has-1-columns) > .wp-block-kadence-column.kadence-column3674_4a77b3-ae{align-self:auto;}}@media all and (max-width: 1024px){.kt-inner-column-height-full:not(.kt-has-1-columns) > .wp-block-kadence-column.kadence-column3674_4a77b3-ae > .kt-inside-inner-col{flex-direction:column;justify-content:center;}}@media all and (max-width: 1024px){.kadence-column3674_4a77b3-ae > .kt-inside-inner-col{flex-direction:column;justify-content:center;}}@media all and (max-width: 767px){.kadence-column3674_4a77b3-ae > .kt-inside-inner-col{padding-right:0px;flex-direction:column;justify-content:center;}.kt-row-column-wrap > .kadence-column3674_4a77b3-ae{align-self:center;}.kt-inner-column-height-full:not(.kt-has-1-columns) > .wp-block-kadence-column.kadence-column3674_4a77b3-ae{align-self:auto;}.kt-inner-column-height-full:not(.kt-has-1-columns) > .wp-block-kadence-column.kadence-column3674_4a77b3-ae > .kt-inside-inner-col{flex-direction:column;justify-content:center;}}<\/style>\n<div class=\"wp-block-kadence-column kadence-column3674_4a77b3-ae\"><div class=\"kt-inside-inner-col\"><\/div><\/div>\n\n<\/div><\/div>\n\n<style>.kb-row-layout-wrap.wp-block-kadence-rowlayout.kb-row-layout-id3674_9a8620-d7{margin-top:0px;margin-bottom:0px;}.kb-row-layout-id3674_9a8620-d7 > .kt-row-column-wrap{align-content:start;}:where(.kb-row-layout-id3674_9a8620-d7 > .kt-row-column-wrap) > .wp-block-kadence-column{justify-content:start;}.kb-row-layout-id3674_9a8620-d7 > .kt-row-column-wrap{column-gap:var(--global-kb-gap-md, 2rem);row-gap:var(--global-kb-gap-md, 2rem);max-width:var( --global-content-width, 1290px );padding-left:var(--global-content-edge-padding);padding-right:var(--global-content-edge-padding);padding-top:var(--global-kb-spacing-sm, 1.5rem);padding-bottom:0px;grid-template-columns:minmax(0, 1fr);}.kb-row-layout-id3674_9a8620-d7 > .kt-row-layout-overlay{opacity:1;background:linear-gradient(180deg,var(--global-palette6,#718096) 0%,var(--global-palette7,#EDF2F7) 100%);}.kb-row-layout-id3674_9a8620-d7 .kt-row-layout-bottom-sep{height:100px;}.kb-row-layout-id3674_9a8620-d7 .kt-row-layout-bottom-sep svg{width:100%;}.kb-row-layout-id3674_9a8620-d7 .kt-row-layout-bottom-sep svg{fill:var(--global-palette8, #F7FAFC)!important;}@media all and (max-width: 1024px){.kb-row-layout-id3674_9a8620-d7 > .kt-row-column-wrap{grid-template-columns:minmax(0, 1fr);}}@media all and (max-width: 1024px){.kb-row-layout-id3674_9a8620-d7 .kt-row-layout-bottom-sep{height:px;}}@media all and (max-width: 1024px){.kb-row-layout-id3674_9a8620-d7 .kt-row-layout-bottom-sep svg{width:%;}}@media all and (max-width: 767px){.kb-row-layout-id3674_9a8620-d7 > .kt-row-column-wrap{padding-right:var(--global-kb-spacing-xxs, 0.5rem);padding-left:var(--global-kb-spacing-xxs, 0.5rem);grid-template-columns:minmax(0, 1fr);}.kb-row-layout-id3674_9a8620-d7 .kt-row-layout-bottom-sep{height:px;}.kb-row-layout-id3674_9a8620-d7 .kt-row-layout-bottom-sep svg{width:%;}}<\/style><div class=\"kb-row-layout-wrap kb-row-layout-id3674_9a8620-d7 alignnone has-theme-palette7-background-color kt-row-has-bg wp-block-kadence-rowlayout\"><div class=\"kt-row-layout-overlay kt-row-overlay-gradient\"><\/div><div class=\"kt-row-column-wrap kt-has-1-columns kt-row-layout-equal kt-tab-layout-inherit kt-mobile-layout-row kt-row-valign-top kb-theme-content-width\">\n<style>.kadence-column3674_98ef1d-05 > .kt-inside-inner-col{padding-top:0px;padding-right:0px;padding-bottom:0px;padding-left:0px;}.kadence-column3674_98ef1d-05 > .kt-inside-inner-col{box-shadow:0px -5px 10px 0px rgba(0, 0, 0, 0.2);border-top:5px solid var(--global-palette7, #EDF2F7);border-right:5px solid var(--global-palette7, #EDF2F7);border-bottom:5px solid var(--global-palette7, #EDF2F7);border-left:5px solid var(--global-palette7, #EDF2F7);}.kadence-column3674_98ef1d-05 > .kt-inside-inner-col,.kadence-column3674_98ef1d-05 > .kt-inside-inner-col:before{border-top-left-radius:25px;border-top-right-radius:25px;border-bottom-right-radius:25px;border-bottom-left-radius:25px;}.kadence-column3674_98ef1d-05 > .kt-inside-inner-col{column-gap:var(--global-kb-gap-sm, 1rem);}.kadence-column3674_98ef1d-05 > .kt-inside-inner-col{flex-direction:column;}.kadence-column3674_98ef1d-05 > .kt-inside-inner-col > .aligncenter{width:100%;}.kadence-column3674_98ef1d-05 > .kt-inside-inner-col{background-color:var(--global-palette9, #ffffff);}.kadence-column3674_98ef1d-05 > .kt-inside-inner-col:before{opacity:0.3;}.kadence-column3674_98ef1d-05{position:relative;}.kadence-column3674_98ef1d-05, .kt-inside-inner-col > .kadence-column3674_98ef1d-05:not(.specificity){margin-top:-300px;margin-bottom:50px;}@media all and (max-width: 1024px){.kadence-column3674_98ef1d-05 > .kt-inside-inner-col{border-top:5px solid var(--global-palette7, #EDF2F7);border-right:5px solid var(--global-palette7, #EDF2F7);border-bottom:5px solid var(--global-palette7, #EDF2F7);border-left:5px solid var(--global-palette7, #EDF2F7);flex-direction:column;justify-content:center;}}@media all and (max-width: 767px){.kadence-column3674_98ef1d-05 > .kt-inside-inner-col{padding-right:0px;padding-left:0px;border-top:5px solid var(--global-palette7, #EDF2F7);border-right:5px solid var(--global-palette7, #EDF2F7);border-bottom:5px solid var(--global-palette7, #EDF2F7);border-left:5px solid var(--global-palette7, #EDF2F7);flex-direction:column;justify-content:center;}}<\/style>\n<div class=\"wp-block-kadence-column kadence-column3674_98ef1d-05\"><div class=\"kt-inside-inner-col\"><style>.wp-block-kadence-advancedheading.kt-adv-heading3674_6365a0-70, .wp-block-kadence-advancedheading.kt-adv-heading3674_6365a0-70[data-kb-block=\"kb-adv-heading3674_6365a0-70\"]{padding-top:var(--global-kb-spacing-sm, 1.5rem);padding-bottom:var(--global-kb-spacing-sm, 1.5rem);text-align:center;font-size:var(--global-kb-font-size-xxl, 4rem);font-style:normal;text-shadow:5px 5px 14px rgba(0,0,0,0.3);border-top-left-radius:20px;border-top-right-radius:20px;}.wp-block-kadence-advancedheading.kt-adv-heading3674_6365a0-70 mark.kt-highlight, .wp-block-kadence-advancedheading.kt-adv-heading3674_6365a0-70[data-kb-block=\"kb-adv-heading3674_6365a0-70\"] mark.kt-highlight{font-style:normal;color:#f76a0c;-webkit-box-decoration-break:clone;box-decoration-break:clone;padding-top:0px;padding-right:0px;padding-bottom:0px;padding-left:0px;}.wp-block-kadence-advancedheading.kt-adv-heading3674_6365a0-70 img.kb-inline-image, .wp-block-kadence-advancedheading.kt-adv-heading3674_6365a0-70[data-kb-block=\"kb-adv-heading3674_6365a0-70\"] img.kb-inline-image{width:150px;vertical-align:baseline;}@media all and (max-width: 1024px){.wp-block-kadence-advancedheading.kt-adv-heading3674_6365a0-70, .wp-block-kadence-advancedheading.kt-adv-heading3674_6365a0-70[data-kb-block=\"kb-adv-heading3674_6365a0-70\"]{text-shadow:5px 5px 14px rgba(0,0,0,0.3);}}@media all and (max-width: 767px){.wp-block-kadence-advancedheading.kt-adv-heading3674_6365a0-70, .wp-block-kadence-advancedheading.kt-adv-heading3674_6365a0-70[data-kb-block=\"kb-adv-heading3674_6365a0-70\"]{text-shadow:5px 5px 14px rgba(0,0,0,0.3);font-size:var(--global-kb-font-size-xl, 3rem);}}<\/style>\n<h1 class=\"kt-adv-heading3674_6365a0-70 wp-block-kadence-advancedheading has-theme-palette-7-background-color has-background\" data-kb-block=\"kb-adv-heading3674_6365a0-70\">Instrukcja wetransfer.com<\/h1>\n\n\n<style>.kb-row-layout-id3674_33df58-b7 > .kt-row-column-wrap{align-content:start;}:where(.kb-row-layout-id3674_33df58-b7 > .kt-row-column-wrap) > .wp-block-kadence-column{justify-content:start;}.kb-row-layout-id3674_33df58-b7 > .kt-row-column-wrap{column-gap:var(--global-kb-gap-md, 2rem);row-gap:var(--global-kb-gap-md, 2rem);padding-top:var(--global-kb-spacing-sm, 1.5rem);padding-bottom:var(--global-kb-spacing-sm, 1.5rem);grid-template-columns:minmax(0, 1fr);}.kb-row-layout-id3674_33df58-b7 > .kt-row-layout-overlay{opacity:0.30;}@media all and (max-width: 1024px){.kb-row-layout-id3674_33df58-b7 > .kt-row-column-wrap{grid-template-columns:minmax(0, 1fr);}}@media all and (max-width: 767px){.kb-row-layout-id3674_33df58-b7 > .kt-row-column-wrap{grid-template-columns:minmax(0, 1fr);}}<\/style><div class=\"kb-row-layout-wrap kb-row-layout-id3674_33df58-b7 alignnone wp-block-kadence-rowlayout\"><div class=\"kt-row-column-wrap kt-has-1-columns kt-row-layout-equal kt-tab-layout-inherit kt-mobile-layout-row kt-row-valign-top\">\n<style>.kadence-column3674_d573ae-1b > .kt-inside-inner-col{padding-right:var(--global-kb-spacing-lg, 3rem);padding-left:var(--global-kb-spacing-lg, 3rem);}.kadence-column3674_d573ae-1b > .kt-inside-inner-col,.kadence-column3674_d573ae-1b > .kt-inside-inner-col:before{border-top-left-radius:0px;border-top-right-radius:0px;border-bottom-right-radius:0px;border-bottom-left-radius:0px;}.kadence-column3674_d573ae-1b > .kt-inside-inner-col{column-gap:var(--global-kb-gap-sm, 1rem);}.kadence-column3674_d573ae-1b > .kt-inside-inner-col{flex-direction:column;}.kadence-column3674_d573ae-1b > .kt-inside-inner-col > .aligncenter{width:100%;}.kadence-column3674_d573ae-1b > .kt-inside-inner-col:before{opacity:0.3;}.kadence-column3674_d573ae-1b{position:relative;}@media all and (max-width: 1024px){.kadence-column3674_d573ae-1b > .kt-inside-inner-col{flex-direction:column;justify-content:center;}}@media all and (max-width: 767px){.kadence-column3674_d573ae-1b > .kt-inside-inner-col{flex-direction:column;justify-content:center;}}<\/style>\n<div class=\"wp-block-kadence-column kadence-column3674_d573ae-1b\"><div class=\"kt-inside-inner-col\">\n<p><strong>Wetransfer.com<\/strong> to narz\u0119dzie do udost\u0119pniania du\u017cych plik\u00f3w poprzez e-mail. Wersja darmowa umo\u017cliwia przes\u0142anie do 2GB danych w pojedynczej wiadomo\u015bci. Obs\u0142uga strony jest bardzo prosta, a ca\u0142o\u015b\u0107 zajmuje mniej ni\u017c minut\u0119. Poni\u017cej opisali\u015bmy jak to zrobi\u0107 w 5 krokach.<\/p>\n\n\n\n<p>Aby skorzysta\u0107 z us\u0142ugi mo\u017cna u\u017cy\u0107 <a href=\"http:\/\/wetransfer.com\" target=\"_blank\" rel=\"noreferrer noopener\"><strong>tego linku<\/strong><\/a>.<\/p>\n\n\n\n<h2 class=\"wp-block-heading\">Zatwierdzenie (lub odrzucenie) polityki cookies<\/h2>\n\n\n\n<figure class=\"wp-block-image\"><img decoding=\"async\" src=\"https:\/\/loboslink.pl\/av\/wp-content\/uploads\/2023\/01\/1-1024x560.png\" alt=\"\" class=\"wp-image-20127\"\/><\/figure>\n\n\n\n<h2 class=\"wp-block-heading\">Akceptacja regulaminu<\/h2>\n\n\n\n<figure class=\"wp-block-image\"><img decoding=\"async\" src=\"https:\/\/loboslink.pl\/av\/wp-content\/uploads\/2023\/01\/2-1024x563.png\" alt=\"\" class=\"wp-image-20128\"\/><\/figure>\n\n\n\n<h2 class=\"wp-block-heading\">Dodanie plik\u00f3w oraz uzupe\u0142nienie danych<\/h2>\n\n\n\n<figure class=\"wp-block-image\"><img decoding=\"async\" src=\"https:\/\/loboslink.pl\/av\/wp-content\/uploads\/2023\/01\/3.png\" alt=\"\" class=\"wp-image-20129\"\/><\/figure>\n\n\n\n<h2 class=\"wp-block-heading\">Potwierdzenie w wiadomo\u015bci e-mail<\/h2>\n\n\n\n<figure class=\"wp-block-image\"><img decoding=\"async\" src=\"https:\/\/loboslink.pl\/av\/wp-content\/uploads\/2023\/01\/4.png\" alt=\"\" class=\"wp-image-20130\"\/><\/figure>\n\n\n\n<h2 class=\"wp-block-heading\">Wiadomo\u015b\u0107 wys\u0142ana!<\/h2>\n\n\n\n<figure class=\"wp-block-image\"><img decoding=\"async\" src=\"https:\/\/loboslink.pl\/av\/wp-content\/uploads\/2023\/01\/5-1024x559.png\" alt=\"\" class=\"wp-image-20131\"\/><\/figure>\n<\/div><\/div>\n\n<\/div><\/div><\/div><\/div>\n\n<\/div><\/div>","protected":false},"excerpt":{"rendered":"<p>Instrukcja wetransfer.com Wetransfer.com to narz\u0119dzie do udost\u0119pniania du\u017cych plik\u00f3w poprzez e-mail. Wersja darmowa umo\u017cliwia przes\u0142anie do 2GB danych w pojedynczej wiadomo\u015bci. Obs\u0142uga strony jest bardzo prosta, a ca\u0142o\u015b\u0107 zajmuje mniej ni\u017c minut\u0119. Poni\u017cej opisali\u015bmy jak to zrobi\u0107 w 5 krokach. Aby skorzysta\u0107 z us\u0142ugi mo\u017cna u\u017cy\u0107 tego linku. Zatwierdzenie (lub odrzucenie) polityki cookies Akceptacja regulaminu&#8230;<\/p>\n","protected":false},"author":1,"featured_media":0,"parent":0,"menu_order":0,"comment_status":"closed","ping_status":"closed","template":"","meta":{"_kad_blocks_custom_css":"","_kad_blocks_head_custom_js":"","_kad_blocks_body_custom_js":"","_kad_blocks_footer_custom_js":"","_kad_post_transparent":"","_kad_post_title":"","_kad_post_layout":"","_kad_post_sidebar_id":"","_kad_post_content_style":"","_kad_post_vertical_padding":"","_kad_post_feature":"","_kad_post_feature_position":"","_kad_post_header":false,"_kad_post_footer":false,"_kad_post_classname":"","footnotes":""},"class_list":["post-3674","page","type-page","status-publish","hentry"],"mb":[],"taxonomy_info":[],"featured_image_src_large":false,"author_info":{"display_name":"admin","author_link":"https:\/\/loboslink.pl\/av\/author\/admin\/"},"comment_info":0,"mfb_rest_fields":["title","taxonomy_info","featured_image_src_large","author_info","comment_info"],"_links":{"self":[{"href":"https:\/\/loboslink.pl\/av\/wp-json\/wp\/v2\/pages\/3674","targetHints":{"allow":["GET"]}}],"collection":[{"href":"https:\/\/loboslink.pl\/av\/wp-json\/wp\/v2\/pages"}],"about":[{"href":"https:\/\/loboslink.pl\/av\/wp-json\/wp\/v2\/types\/page"}],"author":[{"embeddable":true,"href":"https:\/\/loboslink.pl\/av\/wp-json\/wp\/v2\/users\/1"}],"replies":[{"embeddable":true,"href":"https:\/\/loboslink.pl\/av\/wp-json\/wp\/v2\/comments?post=3674"}],"version-history":[{"count":1,"href":"https:\/\/loboslink.pl\/av\/wp-json\/wp\/v2\/pages\/3674\/revisions"}],"predecessor-version":[{"id":8760,"href":"https:\/\/loboslink.pl\/av\/wp-json\/wp\/v2\/pages\/3674\/revisions\/8760"}],"wp:attachment":[{"href":"https:\/\/loboslink.pl\/av\/wp-json\/wp\/v2\/media?parent=3674"}],"curies":[{"name":"wp","href":"https:\/\/api.w.org\/{rel}","templated":true}]}}