{"id":3667,"date":"2024-07-11T11:31:21","date_gmt":"2024-07-11T11:31:21","guid":{"rendered":"https:\/\/loboslink.pl\/av\/?page_id=3667"},"modified":"2024-07-11T11:32:08","modified_gmt":"2024-07-11T11:32:08","slug":"polityka-prywatnosci","status":"publish","type":"page","link":"https:\/\/loboslink.pl\/av\/polityka-prywatnosci\/","title":{"rendered":"Polityka prywatno\u015bci"},"content":{"rendered":"\n<ol class=\"wp-block-list\">\n<li>Na potrzeby niniejszej Polityki Prywatno\u015bci zosta\u0142y u\u017cyte nast\u0119puj\u0105ce terminy:<strong>Administrator\u00a0<\/strong>\u2013 Przedsi\u0119biorstwo Handlowo-Us\u0142ugowe \u201eLobos\u201d sp. z o.o ul. M. Medweckiego 17, 31-870 Krak\u00f3w, numer NIP 676-007-74-60, numer REGON 008017460. Z Administratorem mo\u017cna skontaktowa\u0107 si\u0119 pod numerem telefonu +48 801 555 556 lub za pomoc\u0105 wiadomo\u015bci mailowej na adres biuro@lobos.pl. Administrator jest wy\u0142\u0105cznym administratorem danych w Serwisie.<strong>Serwis\u00a0<\/strong>\u2013 Witryna Internetowa znajduj\u0105ca si\u0119 w sieci Internet pod adresem URL\u00a0https:\/\/loboslink.pl\/av, kt\u00f3rego w\u0142a\u015bcicielem jest Administrator<strong>U\u017cytkownik\u00a0<\/strong>\u2013 oferta Serwisu skierowana jest do os\u00f3b fizycznych, os\u00f3b prawnych oraz podmiot\u00f3w nieposiadaj\u0105cych osobowo\u015bci prawnej zdolnych do nabywania praw i zaci\u0105gania zobowi\u0105za\u0144, znajduj\u0105cych si\u0119 na terenie Rzeczypospolitej Polski. Osoby fizyczne nieposiadaj\u0105ce pe\u0142nej zdolno\u015bci do czynno\u015bci prawnych powinny przed skorzystaniem z Us\u0142ug oferowanych przez Serwis uzyska\u0107 zgod\u0119 swojego przedstawiciela ustawowego oraz okaza\u0107 j\u0105 na pro\u015bb\u0119 Administratora.<\/li>\n\n\n\n<li>Dane osobowe podane podczas kontaktu z Serwisem i jego obs\u0142ug\u0105, podczas rejestracji Konta, podczas zapisu do newslettera oraz przy okazji organizowanych przez niego konkurs\u00f3w oraz promocji przetwarzane s\u0105 przez Administratora w oparciu o Rozporz\u0105dzenie Parlamentu Europejskiego i Rady z dnia 27 kwietnia 2016 r. w sprawie ochrony os\u00f3b fizycznych w zwi\u0105zku z przetwarzaniem danych osobowych i w sprawie swobodnego przep\u0142ywu takich danych oraz Ustaw\u0119 z dnia 10 maja 2018 o ochronie danych osobowych.<\/li>\n\n\n\n<li>Mimo, i\u017c podanie danych osobowych jest dobrowolne, odmowa podania danych mo\u017ce skutkowa\u0107 niewykonaniem us\u0142ug oferowanych w Serwisie.<\/li>\n\n\n\n<li>U\u017cytkownik ma prawo dost\u0119pu do tre\u015bci swoich danych oraz prawo ich sprostowania, usuni\u0119cia, ograniczenia przetwarzania, prawo do przenoszenia danych, prawo wniesienia sprzeciwu, prawo do cofni\u0119cia zgody w dowolnym momencie bez wp\u0142ywu na zgodno\u015b\u0107 z prawem przetwarzania, kt\u00f3rego dokonano na podstawie zgody przed jej cofni\u0119ciem. U\u017cytkownik ma prawo wniesienia skargi do GIODO (UODO) gdy uzna, i\u017c przetwarzanie danych osobowych go dotycz\u0105cych narusza przepisy og\u00f3lnego rozporz\u0105dzenia o ochronie danych osobowych z dnia 27 kwietnia 2016 r lub Ustaw\u0119 z dnia 10 maja 2018 o ochronie danych osobowych. Dane osobowe U\u017cytkownik\u00f3w nie s\u0105 udost\u0119pniane innym podmiotom, z wyj\u0105tkiem organ\u00f3w w\u0142adzy publicznej uprawnionych na podstawie odr\u0119bnych przepis\u00f3w.<\/li>\n<\/ol>\n\n\n\n<h3 class=\"wp-block-heading\">Zabezpieczenie danych<\/h3>\n\n\n\n<p>Serwis stosuje \u015brodki zabezpieczaj\u0105ce dane osobowe przed nieuprawnionym dost\u0119pem do nich, zgodnie z Rozporz\u0105dzeniem Parlamentu Europejskiego i Rady z dnia 27 kwietnia 2016 r. w sprawie ochrony os\u00f3b fizycznych w zwi\u0105zku z przetwarzaniem danych osobowych i w sprawie swobodnego przep\u0142ywu takich danych oraz Ustaw\u0105 z dnia 10 maja 2018 o ochronie danych osobowych.<\/p>\n\n\n\n<h3 class=\"wp-block-heading\">Pliki Cookies oraz Logi serwera<\/h3>\n\n\n\n<ol class=\"wp-block-list\">\n<li>W celu u\u0142atwienia korzystania z Serwisu oraz monitorowania korzystania z niego, mechanizm zarz\u0105dzaj\u0105cy wykorzystuje technologi\u0119 tzw \u201ecookies\u201d \u2013 informacje zapisywane przez zewn\u0119trzny serwer Serwisu na komputerze lub urz\u0105dzeniu mobilnym U\u017cytkownika.<\/li>\n\n\n\n<li>Serwis wykorzystuje dwa typy plik\u00f3w Cookies:\n<ol class=\"wp-block-list\">\n<li><em>Sesyjne \u2013\u00a0<\/em>pliki tymczasowe, przechowywane na urz\u0105dzeniu Klienta do momentu wylogowania, opuszczenia strony internetowej lub wy\u0142\u0105czenia przegl\u0105darki internetowej;<\/li>\n\n\n\n<li><em>Sta\u0142e \u2013\u00a0<\/em>przechowywane na urz\u0105dzeniu Klienta przez czas okre\u015blony w ich parametrach lub do ich usuni\u0119cia przez Klienta.<\/li>\n<\/ol>\n<\/li>\n\n\n\n<li>Technologia\u00a0<em>Cookies\u00a0<\/em>nie jest wykorzystywana do pozyskiwania jakichkolwiek danych osobowych odwiedzaj\u0105cych Serwis.<\/li>\n\n\n\n<li>Klient mo\u017ce w dowolnej chwili wy\u0142\u0105czy\u0107 w ustawieniach swojej przegl\u0105darki internetowej opcj\u0119 przyjmowania cookies. Mo\u017ce to spowodowa\u0107 jednak nieprawid\u0142owo\u015bci w dzia\u0142aniu Serwisu. Poni\u017cej znajduj\u0105 si\u0119 odno\u015bniki do informacji, jak wy\u0142\u0105czy\u0107 pliki cookies w najpopularniejszych przegl\u0105darkach internetowych:\n<ul class=\"wp-block-list\">\n<li><a href=\"https:\/\/support.google.com\/chrome\/answer\/95647?hl=pl\" target=\"_blank\" rel=\"noreferrer noopener\">Chrome<\/a><\/li>\n\n\n\n<li><a href=\"https:\/\/support.mozilla.org\/pl\/kb\/W%C5%82%C4%85czanie%20i%20wy%C5%82%C4%85czanie%20obs%C5%82ugi%20ciasteczek\" target=\"_blank\" rel=\"noreferrer noopener\">Firefox<\/a><\/li>\n\n\n\n<li><a href=\"https:\/\/support.apple.com\/kb\/PH21411?locale=pl_PL\" target=\"_blank\" rel=\"noreferrer noopener\">Safari<\/a><\/li>\n\n\n\n<li><a href=\"https:\/\/support.microsoft.com\/pl-pl\/kb\/278835\" target=\"_blank\" rel=\"noreferrer noopener\">Microsoft Edge\u00a0<\/a><\/li>\n<\/ul>\n<\/li>\n\n\n\n<li>Pliki Cookies wykorzystywane s\u0105 w celu:\n<ol class=\"wp-block-list\">\n<li>Tworzenia statystyk, pomagaj\u0105cych zrozumie\u0107 spos\u00f3b korzystania z Serwisu, w celu poprawy jego zawarto\u015bci;<\/li>\n\n\n\n<li>Utrzymania sesji Klienta, dzi\u0119ki czemu nie jest konieczne ka\u017cdorazowe wpisywanie has\u0142a i loginu.<\/li>\n\n\n\n<li>Personalizacji materia\u0142\u00f3w reklamowych w sieci Google po uprzednim okre\u015bleniu profilu Klienta i przekazaniu ich partnerom serwera.<\/li>\n<\/ol>\n<\/li>\n\n\n\n<li>Zebrane logi serwera, zawieraj\u0105ce m. in. adres IP Klienta, czas nadej\u015bcia zapytania, pierwszy wiersz \u017c\u0105dania http, kod odpowiedzi http, liczb\u0119 wys\u0142anych przez serwer bajt\u00f3w, informacje o przegl\u0105darce Klienta, informacje o b\u0142\u0119dach jakie nast\u0105pi\u0142y przy realizacji transakcji HTTPS, informacje o rodzaju urz\u0105dze\u0144 przechowywane s\u0105 przez czas nieokre\u015blony.<\/li>\n\n\n\n<li>Administrator mo\u017ce wykorzystywa\u0107 powy\u017csze dane do generowania statystyk pomocnych w administrowaniu Serwisem oraz do poprawy jako\u015bci oferowanych us\u0142ug. Podsumowania te maj\u0105 charakter zbiorczy i nie zawieraj\u0105 danych identyfikuj\u0105cych osoby odwiedzaj\u0105ce Serwis. Dane te nie s\u0105 ujawniane innym osobom i podmiotom.\u00a0 \u00a0 \u00a0\u00a0<\/li>\n<\/ol>\n\n\n\n<h3 class=\"wp-block-heading\">U\u017cywane w witrynie programy<\/h3>\n\n\n\n<p>Administrator informuje, \u017ce w witrynie s\u0105 u\u017cywane nast\u0119puj\u0105ce programy:<\/p>\n\n\n\n<ol class=\"wp-block-list\">\n<li>Google Analytics \u2013 u\u017cywany do sprawdzania statystyk odwiedzin strony;<\/li>\n\n\n\n<li>Smartlook \u2013 program, kt\u00f3ry nagrywa dzia\u0142ania U\u017cytkownika na stronie, w celu poprawy jej efektywno\u015bci;<\/li>\n\n\n\n<li>Edrone, GetResponse, iPresso, Salesmanago \u2013 programy do automatyzacji marketingu, kt\u00f3re u\u017cywane s\u0105 w celu poprawy jako\u015bci \u015bwiadczonych us\u0142ug.<\/li>\n\n\n\n<li>Rozpoznawanie lokalizacji \u2013 klient w momencie rozpocz\u0119cia korzystania z witryny mo\u017ce wyrazi\u0107 zgod\u0119 na pobieranie jego lokalizacji lub uniemo\u017cliwi\u0107 dzia\u0142anie tej funkcji witryny. Zgoda na pobieranie lokalizacji mo\u017ce by\u0107 cofni\u0119ta w ka\u017cdym momencie.<\/li>\n<\/ol>\n","protected":false},"excerpt":{"rendered":"<p>Zabezpieczenie danych Serwis stosuje \u015brodki zabezpieczaj\u0105ce dane osobowe przed nieuprawnionym dost\u0119pem do nich, zgodnie z Rozporz\u0105dzeniem Parlamentu Europejskiego i Rady z dnia 27 kwietnia 2016 r. w sprawie ochrony os\u00f3b fizycznych w zwi\u0105zku z przetwarzaniem danych osobowych i w sprawie swobodnego przep\u0142ywu takich danych oraz Ustaw\u0105 z dnia 10 maja 2018 o ochronie danych osobowych&#8230;.<\/p>\n","protected":false},"author":1,"featured_media":0,"parent":0,"menu_order":0,"comment_status":"closed","ping_status":"closed","template":"","meta":{"_kad_blocks_custom_css":"","_kad_blocks_head_custom_js":"","_kad_blocks_body_custom_js":"","_kad_blocks_footer_custom_js":"","_kad_post_transparent":"","_kad_post_title":"","_kad_post_layout":"","_kad_post_sidebar_id":"","_kad_post_content_style":"","_kad_post_vertical_padding":"","_kad_post_feature":"","_kad_post_feature_position":"","_kad_post_header":false,"_kad_post_footer":false,"_kad_post_classname":"","footnotes":""},"class_list":["post-3667","page","type-page","status-publish","hentry"],"mb":[],"taxonomy_info":[],"featured_image_src_large":false,"author_info":{"display_name":"admin","author_link":"https:\/\/loboslink.pl\/av\/author\/admin\/"},"comment_info":0,"mfb_rest_fields":["title","taxonomy_info","featured_image_src_large","author_info","comment_info"],"_links":{"self":[{"href":"https:\/\/loboslink.pl\/av\/wp-json\/wp\/v2\/pages\/3667","targetHints":{"allow":["GET"]}}],"collection":[{"href":"https:\/\/loboslink.pl\/av\/wp-json\/wp\/v2\/pages"}],"about":[{"href":"https:\/\/loboslink.pl\/av\/wp-json\/wp\/v2\/types\/page"}],"author":[{"embeddable":true,"href":"https:\/\/loboslink.pl\/av\/wp-json\/wp\/v2\/users\/1"}],"replies":[{"embeddable":true,"href":"https:\/\/loboslink.pl\/av\/wp-json\/wp\/v2\/comments?post=3667"}],"version-history":[{"count":0,"href":"https:\/\/loboslink.pl\/av\/wp-json\/wp\/v2\/pages\/3667\/revisions"}],"wp:attachment":[{"href":"https:\/\/loboslink.pl\/av\/wp-json\/wp\/v2\/media?parent=3667"}],"curies":[{"name":"wp","href":"https:\/\/api.w.org\/{rel}","templated":true}]}}